{"id":21,"date":"2025-11-27T03:41:22","date_gmt":"2025-11-27T03:41:22","guid":{"rendered":"https:\/\/www.vea-coaching.com\/?page_id=21"},"modified":"2025-11-27T03:43:06","modified_gmt":"2025-11-27T03:43:06","slug":"deviens-larchitecte-de-ta-vie","status":"publish","type":"page","link":"https:\/\/www.vea-coaching.com\/","title":{"rendered":"Deviens l&#8217;architecte de ta vie"},"content":{"rendered":"\n<p class=\"has-medium-font-size\">Mon objectif : t\u2019amener \u00e0 une vraie transformation, pas juste \u00e0 \u201cte sentir mieux\u201d<\/p>\n\n\n\n<hr class=\"wp-block-separator has-alpha-channel-opacity\"\/>\n\n\n\n<div class=\"wp-block-buttons is-layout-flex wp-block-buttons-is-layout-flex\">\n<div class=\"wp-block-button is-style-fill\"><a class=\"wp-block-button__link has-text-align-center wp-element-button\">Prendre rendez-vous<\/a><\/div>\n<\/div>\n\n\n\n<ul class=\"wp-block-list\">\n<li>Tu te sens enlis\u00e9.e dans ta vie?<\/li>\n\n\n\n<li>Tu as des projets qui te tiennent \u00e0 coeur mais&#8230;tu te dis que c&#8217;est trop gros pour toi?<\/li>\n\n\n\n<li>Tu te retrouves sans cesse dans les m\u00eames situations (environnement de travail d\u00e9plaisant, relation pas \u00e9panouissante&#8230;)<\/li>\n\n\n\n<li>Tu penses avoir tout essay\u00e9: tu connais la th\u00e9orie, tu \u00e9coutes des podcasts, tu as d\u00e9pens\u00e9 des $$ et rien ne change.<\/li>\n<\/ul>\n\n\n\n<hr class=\"wp-block-separator has-alpha-channel-opacity\"\/>\n\n\n\n<blockquote class=\"wp-block-quote is-layout-flow wp-block-quote-is-layout-flow\">\n<p class=\"has-text-align-center has-large-font-size\"><strong>BONNE NOUVELLE<\/strong><\/p>\n<\/blockquote>\n\n\n\n<p>\ud83d\udc49 Ce n\u2019est pas que tu manques de volont\u00e9. Ce sont tes blocages int\u00e9rieurs qui sabotent ton passage \u00e0 l\u2019action.<\/p>\n\n\n\n<hr class=\"wp-block-separator has-alpha-channel-opacity\"\/>\n\n\n\n<p class=\"has-text-align-center has-large-font-size\"><strong>MES FORCES ?<\/strong><\/p>\n\n\n\n<ul class=\"wp-block-list\">\n<li>Une \u00e9coute vraie et sans jugement<\/li>\n\n\n\n<li>Des d\u00e9clics concrets, pas du blabla<\/li>\n\n\n\n<li>Une approche directe qui transforme<\/li>\n\n\n\n<li>Une orientation vers l\u2019action , \u00e7a bouscule!<\/li>\n<\/ul>\n\n\n\n<p>Ma <a href=\"https:\/\/www.symacoaching.com\" target=\"_blank\" rel=\"noreferrer noopener\">formation SYMA coaching<\/a> est reconnue par ICF, <a href=\"https:\/\/coachingfederation.org\" target=\"_blank\" rel=\"noreferrer noopener\">International Coaching Federation<\/a><\/p>\n\n\n\n<p class=\"has-text-align-center has-large-font-size\"><strong>\ud83c\udfaf  MON OFFRE DE COACHING<\/strong><\/p>\n\n\n\n<p><\/p>\n\n\n\n<ul class=\"wp-block-list\">\n<li>1 Entretien d\u00e9couverte de 30 min<\/li>\n\n\n\n<li><em>(offert et sans engagement)<\/em><\/li>\n\n\n\n<li>5 s\u00e9ances de coaching (1h)<\/li>\n\n\n\n<li>1 s\u00e9ance transformationnelle (1h30)<\/li>\n\n\n\n<li>Ou banque d&#8217;heures de 6h30<\/li>\n<\/ul>\n\n\n\n<blockquote class=\"wp-block-quote is-layout-flow wp-block-quote-is-layout-flow\">\n<p><\/p>\n<\/blockquote>\n\n\n\n<p><\/p>\n","protected":false},"excerpt":{"rendered":"<p>Mon objectif : t\u2019amener \u00e0 une vraie transformation, pas juste \u00e0 \u201cte sentir mieux\u201d BONNE NOUVELLE \ud83d\udc49 Ce n\u2019est pas que tu manques de volont\u00e9. Ce sont tes blocages int\u00e9rieurs qui sabotent ton passage \u00e0 l\u2019action. MES FORCES ? Ma formation SYMA coaching est reconnue par ICF, International Coaching Federation \ud83c\udfaf MON OFFRE DE COACHING<\/p>\n","protected":false},"author":1,"featured_media":0,"parent":0,"menu_order":0,"comment_status":"closed","ping_status":"closed","template":"","meta":{"footnotes":""},"class_list":["post-21","page","type-page","status-publish","hentry"],"_links":{"self":[{"href":"https:\/\/www.vea-coaching.com\/index.php\/wp-json\/wp\/v2\/pages\/21","targetHints":{"allow":["GET"]}}],"collection":[{"href":"https:\/\/www.vea-coaching.com\/index.php\/wp-json\/wp\/v2\/pages"}],"about":[{"href":"https:\/\/www.vea-coaching.com\/index.php\/wp-json\/wp\/v2\/types\/page"}],"author":[{"embeddable":true,"href":"https:\/\/www.vea-coaching.com\/index.php\/wp-json\/wp\/v2\/users\/1"}],"replies":[{"embeddable":true,"href":"https:\/\/www.vea-coaching.com\/index.php\/wp-json\/wp\/v2\/comments?post=21"}],"version-history":[{"count":3,"href":"https:\/\/www.vea-coaching.com\/index.php\/wp-json\/wp\/v2\/pages\/21\/revisions"}],"predecessor-version":[{"id":24,"href":"https:\/\/www.vea-coaching.com\/index.php\/wp-json\/wp\/v2\/pages\/21\/revisions\/24"}],"wp:attachment":[{"href":"https:\/\/www.vea-coaching.com\/index.php\/wp-json\/wp\/v2\/media?parent=21"}],"curies":[{"name":"wp","href":"https:\/\/api.w.org\/{rel}","templated":true}]}}